{"id":5180,"date":"2021-04-07T15:50:14","date_gmt":"2021-04-07T11:50:14","guid":{"rendered":"https:\/\/kazorea.com\/reservation-confirmation\/cancelled-reservation\/"},"modified":"2022-09-21T11:52:42","modified_gmt":"2022-09-21T07:52:42","slug":"cancelled-reservation","status":"publish","type":"page","link":"https:\/\/kazorea.com\/en\/reservation-confirmation\/cancelled-reservation\/","title":{"rendered":"Cancelled reservation"},"content":{"rendered":"\t\t<div data-elementor-type=\"wp-page\" data-elementor-id=\"5180\" class=\"elementor elementor-5180\" data-elementor-post-type=\"page\">\n\t\t\t\t\t\t<section class=\"elementor-section elementor-top-section elementor-element elementor-element-2f1ac739 elementor-section-boxed elementor-section-height-default elementor-section-height-default\" data-id=\"2f1ac739\" data-element_type=\"section\" data-e-type=\"section\">\n\t\t\t\t\t\t<div class=\"elementor-container elementor-column-gap-default\">\n\t\t\t\t\t<div class=\"elementor-column elementor-col-100 elementor-top-column elementor-element elementor-element-24fcdc79\" data-id=\"24fcdc79\" data-element_type=\"column\" data-e-type=\"column\">\n\t\t\t<div class=\"elementor-widget-wrap elementor-element-populated\">\n\t\t\t\t\t\t<div class=\"elementor-element elementor-element-5a8a879 elementor-widget elementor-widget-heading\" data-id=\"5a8a879\" data-element_type=\"widget\" data-e-type=\"widget\" data-widget_type=\"heading.default\">\n\t\t\t\t<div class=\"elementor-widget-container\">\n\t\t\t\t\t<h2 class=\"elementor-heading-title elementor-size-default\">Cancellation confirmation<\/h2>\t\t\t\t<\/div>\n\t\t\t\t<\/div>\n\t\t\t\t<div class=\"elementor-element elementor-element-3969c93 elementor-widget elementor-widget-text-editor\" data-id=\"3969c93\" data-element_type=\"widget\" data-e-type=\"widget\" data-widget_type=\"text-editor.default\">\n\t\t\t\t<div class=\"elementor-widget-container\">\n\t\t\t\t\t\t\t\t\t<p>Your reservation is cancelled.<\/p>\n\t\t\t\t\t\t\t\t<\/div>\n\t\t\t\t<\/div>\n\t\t\t\t\t<\/div>\n\t\t<\/div>\n\t\t\t\t\t<\/div>\n\t\t<\/section>\n\t\t\t\t<\/div>\n\t\t","protected":false},"excerpt":{"rendered":"<p>Cancellation confirmation Your reservation is cancelled.<\/p>\n","protected":false},"author":2,"featured_media":0,"parent":5176,"menu_order":0,"comment_status":"closed","ping_status":"closed","template":"elementor_header_footer","meta":{"footnotes":""},"class_list":["post-5180","page","type-page","status-publish","hentry"],"yoast_head":"<!-- This site is optimized with the Yoast SEO plugin v27.5 - https:\/\/yoast.com\/product\/yoast-seo-wordpress\/ -->\n<title>Cancelled reservation - R\u00e9sidence touristique KAZ OR\u00c8A<\/title>\n<meta name=\"robots\" content=\"index, follow, max-snippet:-1, max-image-preview:large, max-video-preview:-1\" \/>\n<link rel=\"canonical\" href=\"https:\/\/kazorea.com\/en\/reservation-confirmation\/cancelled-reservation\/\" \/>\n<meta property=\"og:locale\" content=\"en_US\" \/>\n<meta property=\"og:type\" content=\"article\" \/>\n<meta property=\"og:title\" content=\"Cancelled reservation - R\u00e9sidence touristique KAZ OR\u00c8A\" \/>\n<meta property=\"og:description\" content=\"Cancellation confirmation Your reservation is cancelled.\" \/>\n<meta property=\"og:url\" content=\"https:\/\/kazorea.com\/en\/reservation-confirmation\/cancelled-reservation\/\" \/>\n<meta property=\"og:site_name\" content=\"R\u00e9sidence touristique KAZ OR\u00c8A\" \/>\n<meta property=\"article:modified_time\" content=\"2022-09-21T07:52:42+00:00\" \/>\n<meta name=\"twitter:card\" content=\"summary_large_image\" \/>\n<script type=\"application\/ld+json\" class=\"yoast-schema-graph\">{\"@context\":\"https:\\\/\\\/schema.org\",\"@graph\":[{\"@type\":\"WebPage\",\"@id\":\"https:\\\/\\\/kazorea.com\\\/en\\\/reservation-confirmation\\\/cancelled-reservation\\\/\",\"url\":\"https:\\\/\\\/kazorea.com\\\/en\\\/reservation-confirmation\\\/cancelled-reservation\\\/\",\"name\":\"Cancelled reservation - R\u00e9sidence touristique KAZ OR\u00c8A\",\"isPartOf\":{\"@id\":\"https:\\\/\\\/kazorea.com\\\/#website\"},\"datePublished\":\"2021-04-07T11:50:14+00:00\",\"dateModified\":\"2022-09-21T07:52:42+00:00\",\"breadcrumb\":{\"@id\":\"https:\\\/\\\/kazorea.com\\\/en\\\/reservation-confirmation\\\/cancelled-reservation\\\/#breadcrumb\"},\"inLanguage\":\"en-US\",\"potentialAction\":[{\"@type\":\"ReadAction\",\"target\":[\"https:\\\/\\\/kazorea.com\\\/en\\\/reservation-confirmation\\\/cancelled-reservation\\\/\"]}]},{\"@type\":\"BreadcrumbList\",\"@id\":\"https:\\\/\\\/kazorea.com\\\/en\\\/reservation-confirmation\\\/cancelled-reservation\\\/#breadcrumb\",\"itemListElement\":[{\"@type\":\"ListItem\",\"position\":1,\"name\":\"Accueil\",\"item\":\"https:\\\/\\\/kazorea.com\\\/\"},{\"@type\":\"ListItem\",\"position\":2,\"name\":\"Reservation confirmation\",\"item\":\"https:\\\/\\\/kazorea.com\\\/en\\\/reservation-confirmation\\\/\"},{\"@type\":\"ListItem\",\"position\":3,\"name\":\"Cancelled reservation\"}]},{\"@type\":\"WebSite\",\"@id\":\"https:\\\/\\\/kazorea.com\\\/#website\",\"url\":\"https:\\\/\\\/kazorea.com\\\/\",\"name\":\"R\u00e9sidence touristique KAZ OR\u00c8A\",\"description\":\"Locations de vacances \u00e0 Saint-Leu \u00eele de la R\u00e9union. H\u00e9bergement, d\u00e9tente et massages\",\"potentialAction\":[{\"@type\":\"SearchAction\",\"target\":{\"@type\":\"EntryPoint\",\"urlTemplate\":\"https:\\\/\\\/kazorea.com\\\/?s={search_term_string}\"},\"query-input\":{\"@type\":\"PropertyValueSpecification\",\"valueRequired\":true,\"valueName\":\"search_term_string\"}}],\"inLanguage\":\"en-US\"}]}<\/script>\n<!-- \/ Yoast SEO plugin. -->","yoast_head_json":{"title":"Cancelled reservation - R\u00e9sidence touristique KAZ OR\u00c8A","robots":{"index":"index","follow":"follow","max-snippet":"max-snippet:-1","max-image-preview":"max-image-preview:large","max-video-preview":"max-video-preview:-1"},"canonical":"https:\/\/kazorea.com\/en\/reservation-confirmation\/cancelled-reservation\/","og_locale":"en_US","og_type":"article","og_title":"Cancelled reservation - R\u00e9sidence touristique KAZ OR\u00c8A","og_description":"Cancellation confirmation Your reservation is cancelled.","og_url":"https:\/\/kazorea.com\/en\/reservation-confirmation\/cancelled-reservation\/","og_site_name":"R\u00e9sidence touristique KAZ OR\u00c8A","article_modified_time":"2022-09-21T07:52:42+00:00","twitter_card":"summary_large_image","schema":{"@context":"https:\/\/schema.org","@graph":[{"@type":"WebPage","@id":"https:\/\/kazorea.com\/en\/reservation-confirmation\/cancelled-reservation\/","url":"https:\/\/kazorea.com\/en\/reservation-confirmation\/cancelled-reservation\/","name":"Cancelled reservation - R\u00e9sidence touristique KAZ OR\u00c8A","isPartOf":{"@id":"https:\/\/kazorea.com\/#website"},"datePublished":"2021-04-07T11:50:14+00:00","dateModified":"2022-09-21T07:52:42+00:00","breadcrumb":{"@id":"https:\/\/kazorea.com\/en\/reservation-confirmation\/cancelled-reservation\/#breadcrumb"},"inLanguage":"en-US","potentialAction":[{"@type":"ReadAction","target":["https:\/\/kazorea.com\/en\/reservation-confirmation\/cancelled-reservation\/"]}]},{"@type":"BreadcrumbList","@id":"https:\/\/kazorea.com\/en\/reservation-confirmation\/cancelled-reservation\/#breadcrumb","itemListElement":[{"@type":"ListItem","position":1,"name":"Accueil","item":"https:\/\/kazorea.com\/"},{"@type":"ListItem","position":2,"name":"Reservation confirmation","item":"https:\/\/kazorea.com\/en\/reservation-confirmation\/"},{"@type":"ListItem","position":3,"name":"Cancelled reservation"}]},{"@type":"WebSite","@id":"https:\/\/kazorea.com\/#website","url":"https:\/\/kazorea.com\/","name":"R\u00e9sidence touristique KAZ OR\u00c8A","description":"Locations de vacances \u00e0 Saint-Leu \u00eele de la R\u00e9union. H\u00e9bergement, d\u00e9tente et massages","potentialAction":[{"@type":"SearchAction","target":{"@type":"EntryPoint","urlTemplate":"https:\/\/kazorea.com\/?s={search_term_string}"},"query-input":{"@type":"PropertyValueSpecification","valueRequired":true,"valueName":"search_term_string"}}],"inLanguage":"en-US"}]}},"_links":{"self":[{"href":"https:\/\/kazorea.com\/en\/wp-json\/wp\/v2\/pages\/5180","targetHints":{"allow":["GET"]}}],"collection":[{"href":"https:\/\/kazorea.com\/en\/wp-json\/wp\/v2\/pages"}],"about":[{"href":"https:\/\/kazorea.com\/en\/wp-json\/wp\/v2\/types\/page"}],"author":[{"embeddable":true,"href":"https:\/\/kazorea.com\/en\/wp-json\/wp\/v2\/users\/2"}],"replies":[{"embeddable":true,"href":"https:\/\/kazorea.com\/en\/wp-json\/wp\/v2\/comments?post=5180"}],"version-history":[{"count":0,"href":"https:\/\/kazorea.com\/en\/wp-json\/wp\/v2\/pages\/5180\/revisions"}],"up":[{"embeddable":true,"href":"https:\/\/kazorea.com\/en\/wp-json\/wp\/v2\/pages\/5176"}],"wp:attachment":[{"href":"https:\/\/kazorea.com\/en\/wp-json\/wp\/v2\/media?parent=5180"}],"curies":[{"name":"wp","href":"https:\/\/api.w.org\/{rel}","templated":true}]}}