{"id":5188,"date":"2021-04-07T15:50:14","date_gmt":"2021-04-07T11:50:14","guid":{"rendered":"https:\/\/kazorea.com\/reservation-confirmation\/reservation-received\/"},"modified":"2022-09-21T11:52:42","modified_gmt":"2022-09-21T07:52:42","slug":"reservation-received","status":"publish","type":"page","link":"https:\/\/kazorea.com\/en\/reservation-confirmation\/reservation-received\/","title":{"rendered":"Reservation received."},"content":{"rendered":"\t\t<div data-elementor-type=\"wp-page\" data-elementor-id=\"5188\" class=\"elementor elementor-5188\" data-elementor-post-type=\"page\">\n\t\t\t\t\t\t<section class=\"elementor-section elementor-top-section elementor-element elementor-element-1adfc95 elementor-section-boxed elementor-section-height-default elementor-section-height-default\" data-id=\"1adfc95\" data-element_type=\"section\" data-e-type=\"section\">\n\t\t\t\t\t\t<div class=\"elementor-container elementor-column-gap-default\">\n\t\t\t\t\t<div class=\"elementor-column elementor-col-100 elementor-top-column elementor-element elementor-element-68c4789\" data-id=\"68c4789\" data-element_type=\"column\" data-e-type=\"column\">\n\t\t\t<div class=\"elementor-widget-wrap elementor-element-populated\">\n\t\t\t\t\t\t<div class=\"elementor-element elementor-element-9ec105d elementor-widget elementor-widget-heading\" data-id=\"9ec105d\" data-element_type=\"widget\" data-e-type=\"widget\" data-widget_type=\"heading.default\">\n\t\t\t\t<div class=\"elementor-widget-container\">\n\t\t\t\t\t<h2 class=\"elementor-heading-title elementor-size-default\">Your reservation has been received<\/h2>\t\t\t\t<\/div>\n\t\t\t\t<\/div>\n\t\t\t\t<div class=\"elementor-element elementor-element-7ad57997 elementor-widget elementor-widget-shortcode\" data-id=\"7ad57997\" data-element_type=\"widget\" data-e-type=\"widget\" data-widget_type=\"shortcode.default\">\n\t\t\t\t<div class=\"elementor-widget-container\">\n\t\t\t\t\t\t\t<div class=\"elementor-shortcode\"><div class=\"mphb_sc_booking_confirmation\"><\/div><\/div>\n\t\t\t\t\t\t<\/div>\n\t\t\t\t<\/div>\n\t\t\t\t\t<\/div>\n\t\t<\/div>\n\t\t\t\t\t<\/div>\n\t\t<\/section>\n\t\t\t\t<\/div>\n\t\t","protected":false},"excerpt":{"rendered":"<p>Your reservation has been received<\/p>\n","protected":false},"author":2,"featured_media":0,"parent":5176,"menu_order":0,"comment_status":"closed","ping_status":"closed","template":"elementor_header_footer","meta":{"footnotes":""},"class_list":["post-5188","page","type-page","status-publish","hentry"],"yoast_head":"<!-- This site is optimized with the Yoast SEO plugin v27.5 - https:\/\/yoast.com\/product\/yoast-seo-wordpress\/ -->\n<title>Reservation received. - R\u00e9sidence touristique KAZ OR\u00c8A<\/title>\n<meta name=\"robots\" content=\"index, follow, max-snippet:-1, max-image-preview:large, max-video-preview:-1\" \/>\n<link rel=\"canonical\" href=\"https:\/\/kazorea.com\/en\/reservation-confirmation\/reservation-received\/\" \/>\n<meta property=\"og:locale\" content=\"en_US\" \/>\n<meta property=\"og:type\" content=\"article\" \/>\n<meta property=\"og:title\" content=\"Reservation received. - R\u00e9sidence touristique KAZ OR\u00c8A\" \/>\n<meta property=\"og:description\" content=\"Your reservation has been received\" \/>\n<meta property=\"og:url\" content=\"https:\/\/kazorea.com\/en\/reservation-confirmation\/reservation-received\/\" \/>\n<meta property=\"og:site_name\" content=\"R\u00e9sidence touristique KAZ OR\u00c8A\" \/>\n<meta property=\"article:modified_time\" content=\"2022-09-21T07:52:42+00:00\" \/>\n<meta name=\"twitter:card\" content=\"summary_large_image\" \/>\n<script type=\"application\/ld+json\" class=\"yoast-schema-graph\">{\"@context\":\"https:\\\/\\\/schema.org\",\"@graph\":[{\"@type\":\"WebPage\",\"@id\":\"https:\\\/\\\/kazorea.com\\\/en\\\/reservation-confirmation\\\/reservation-received\\\/\",\"url\":\"https:\\\/\\\/kazorea.com\\\/en\\\/reservation-confirmation\\\/reservation-received\\\/\",\"name\":\"Reservation received. - R\u00e9sidence touristique KAZ OR\u00c8A\",\"isPartOf\":{\"@id\":\"https:\\\/\\\/kazorea.com\\\/#website\"},\"datePublished\":\"2021-04-07T11:50:14+00:00\",\"dateModified\":\"2022-09-21T07:52:42+00:00\",\"breadcrumb\":{\"@id\":\"https:\\\/\\\/kazorea.com\\\/en\\\/reservation-confirmation\\\/reservation-received\\\/#breadcrumb\"},\"inLanguage\":\"en-US\",\"potentialAction\":[{\"@type\":\"ReadAction\",\"target\":[\"https:\\\/\\\/kazorea.com\\\/en\\\/reservation-confirmation\\\/reservation-received\\\/\"]}]},{\"@type\":\"BreadcrumbList\",\"@id\":\"https:\\\/\\\/kazorea.com\\\/en\\\/reservation-confirmation\\\/reservation-received\\\/#breadcrumb\",\"itemListElement\":[{\"@type\":\"ListItem\",\"position\":1,\"name\":\"Accueil\",\"item\":\"https:\\\/\\\/kazorea.com\\\/\"},{\"@type\":\"ListItem\",\"position\":2,\"name\":\"Reservation confirmation\",\"item\":\"https:\\\/\\\/kazorea.com\\\/en\\\/reservation-confirmation\\\/\"},{\"@type\":\"ListItem\",\"position\":3,\"name\":\"Reservation received.\"}]},{\"@type\":\"WebSite\",\"@id\":\"https:\\\/\\\/kazorea.com\\\/#website\",\"url\":\"https:\\\/\\\/kazorea.com\\\/\",\"name\":\"R\u00e9sidence touristique KAZ OR\u00c8A\",\"description\":\"Locations de vacances \u00e0 Saint-Leu \u00eele de la R\u00e9union. H\u00e9bergement, d\u00e9tente et massages\",\"potentialAction\":[{\"@type\":\"SearchAction\",\"target\":{\"@type\":\"EntryPoint\",\"urlTemplate\":\"https:\\\/\\\/kazorea.com\\\/?s={search_term_string}\"},\"query-input\":{\"@type\":\"PropertyValueSpecification\",\"valueRequired\":true,\"valueName\":\"search_term_string\"}}],\"inLanguage\":\"en-US\"}]}<\/script>\n<!-- \/ Yoast SEO plugin. -->","yoast_head_json":{"title":"Reservation received. - R\u00e9sidence touristique KAZ OR\u00c8A","robots":{"index":"index","follow":"follow","max-snippet":"max-snippet:-1","max-image-preview":"max-image-preview:large","max-video-preview":"max-video-preview:-1"},"canonical":"https:\/\/kazorea.com\/en\/reservation-confirmation\/reservation-received\/","og_locale":"en_US","og_type":"article","og_title":"Reservation received. - R\u00e9sidence touristique KAZ OR\u00c8A","og_description":"Your reservation has been received","og_url":"https:\/\/kazorea.com\/en\/reservation-confirmation\/reservation-received\/","og_site_name":"R\u00e9sidence touristique KAZ OR\u00c8A","article_modified_time":"2022-09-21T07:52:42+00:00","twitter_card":"summary_large_image","schema":{"@context":"https:\/\/schema.org","@graph":[{"@type":"WebPage","@id":"https:\/\/kazorea.com\/en\/reservation-confirmation\/reservation-received\/","url":"https:\/\/kazorea.com\/en\/reservation-confirmation\/reservation-received\/","name":"Reservation received. - R\u00e9sidence touristique KAZ OR\u00c8A","isPartOf":{"@id":"https:\/\/kazorea.com\/#website"},"datePublished":"2021-04-07T11:50:14+00:00","dateModified":"2022-09-21T07:52:42+00:00","breadcrumb":{"@id":"https:\/\/kazorea.com\/en\/reservation-confirmation\/reservation-received\/#breadcrumb"},"inLanguage":"en-US","potentialAction":[{"@type":"ReadAction","target":["https:\/\/kazorea.com\/en\/reservation-confirmation\/reservation-received\/"]}]},{"@type":"BreadcrumbList","@id":"https:\/\/kazorea.com\/en\/reservation-confirmation\/reservation-received\/#breadcrumb","itemListElement":[{"@type":"ListItem","position":1,"name":"Accueil","item":"https:\/\/kazorea.com\/"},{"@type":"ListItem","position":2,"name":"Reservation confirmation","item":"https:\/\/kazorea.com\/en\/reservation-confirmation\/"},{"@type":"ListItem","position":3,"name":"Reservation received."}]},{"@type":"WebSite","@id":"https:\/\/kazorea.com\/#website","url":"https:\/\/kazorea.com\/","name":"R\u00e9sidence touristique KAZ OR\u00c8A","description":"Locations de vacances \u00e0 Saint-Leu \u00eele de la R\u00e9union. H\u00e9bergement, d\u00e9tente et massages","potentialAction":[{"@type":"SearchAction","target":{"@type":"EntryPoint","urlTemplate":"https:\/\/kazorea.com\/?s={search_term_string}"},"query-input":{"@type":"PropertyValueSpecification","valueRequired":true,"valueName":"search_term_string"}}],"inLanguage":"en-US"}]}},"_links":{"self":[{"href":"https:\/\/kazorea.com\/en\/wp-json\/wp\/v2\/pages\/5188","targetHints":{"allow":["GET"]}}],"collection":[{"href":"https:\/\/kazorea.com\/en\/wp-json\/wp\/v2\/pages"}],"about":[{"href":"https:\/\/kazorea.com\/en\/wp-json\/wp\/v2\/types\/page"}],"author":[{"embeddable":true,"href":"https:\/\/kazorea.com\/en\/wp-json\/wp\/v2\/users\/2"}],"replies":[{"embeddable":true,"href":"https:\/\/kazorea.com\/en\/wp-json\/wp\/v2\/comments?post=5188"}],"version-history":[{"count":0,"href":"https:\/\/kazorea.com\/en\/wp-json\/wp\/v2\/pages\/5188\/revisions"}],"up":[{"embeddable":true,"href":"https:\/\/kazorea.com\/en\/wp-json\/wp\/v2\/pages\/5176"}],"wp:attachment":[{"href":"https:\/\/kazorea.com\/en\/wp-json\/wp\/v2\/media?parent=5188"}],"curies":[{"name":"wp","href":"https:\/\/api.w.org\/{rel}","templated":true}]}}