{"id":5195,"date":"2021-04-23T17:30:50","date_gmt":"2021-04-23T13:30:50","guid":{"rendered":"https:\/\/kazorea.com\/legal-notice-terms-and-conditions\/"},"modified":"2021-04-23T17:30:50","modified_gmt":"2021-04-23T13:30:50","slug":"legal-notice-terms-and-conditions","status":"publish","type":"page","link":"https:\/\/kazorea.com\/en\/legal-notice-terms-and-conditions\/","title":{"rendered":"Legal Notice &#8211; Terms and Conditions"},"content":{"rendered":"\t\t<div data-elementor-type=\"wp-page\" data-elementor-id=\"5195\" class=\"elementor elementor-5195\" data-elementor-post-type=\"page\">\n\t\t\t\t\t\t<section class=\"elementor-section elementor-top-section elementor-element elementor-element-5ce9cde elementor-section-boxed elementor-section-height-default elementor-section-height-default\" data-id=\"5ce9cde\" data-element_type=\"section\" data-e-type=\"section\">\n\t\t\t\t\t\t<div class=\"elementor-container elementor-column-gap-default\">\n\t\t\t\t\t<div class=\"elementor-column elementor-col-100 elementor-top-column elementor-element elementor-element-53bf62c\" data-id=\"53bf62c\" data-element_type=\"column\" data-e-type=\"column\">\n\t\t\t<div class=\"elementor-widget-wrap elementor-element-populated\">\n\t\t\t\t\t\t<div class=\"elementor-element elementor-element-3148e56 elementor-widget elementor-widget-heading\" data-id=\"3148e56\" data-element_type=\"widget\" data-e-type=\"widget\" data-widget_type=\"heading.default\">\n\t\t\t\t<div class=\"elementor-widget-container\">\n\t\t\t\t\t<h4 class=\"elementor-heading-title elementor-size-default\">Clause n\u00b0 1 : Objet<br>\nLes conditions g\u00e9n\u00e9rales de vente d\u00e9crites ci-apr\u00e8s d\u00e9taillent les droits et obligations de la soci\u00e9t\u00e9 SAS LE BREQUE et de son client dans le cadre de la vente des services suivants : <br><br>Location de :<br><br>- Bungalow - 4 Personnes au tarif de 80\u20ac TTC \/ nuit pour 2 personnes.<div>- Appartement - 4 Personnes au tarif de 120\u20ac TTC \/ nuit pour 2 personnes.&nbsp;<br><br>Un suppl\u00e9ment de 15\u20ac TTC \/ personne suppl\u00e9mentaire \u00e0 partir de 2 ans.&nbsp;<\/div><div><br>- Un forfait m\u00e9nage de 35\u20ac (Bungalow) et 50\u20ac (Appartement) TTC obligatoire par r\u00e9servation.<br><br><\/div><div>- 12\u20ac TTC la prestation petit d\u00e9jeuner par personne<br>\nClause n\u00b0 2 : Prix\nLes prix des marchandises vendues sont ceux en vigueur au jour de la prise de commande. Ils sont libell\u00e9s en euros et calcul\u00e9s hors taxes. Par voie de cons\u00e9quence, ils seront major\u00e9s du taux de TVA et des frais de transport applicables au jour de la commande.\nLa soci\u00e9t\u00e9 ... (d\u00e9nomination sociale) s'accorde le droit de modifier ses tarifs \u00e0 tout moment. Toutefois, elle s'engage \u00e0 facturer les marchandises command\u00e9es aux prix indiqu\u00e9s lors de l'enregistrement de la commande.\nClause n\u00b0 4 : Escompte\nAucun escompte ne sera consenti en cas de paiement anticip\u00e9.\nClause n\u00b0 6 : Retard de paiement\nEn cas de d\u00e9faut de paiement total ou partiel des marchandises livr\u00e9es au jour de la r\u00e9ception, l'acheteur doit verser \u00e0 la soci\u00e9t\u00e9 ... (d\u00e9nomination sociale) une p\u00e9nalit\u00e9 de retard \u00e9gale \u00e0 trois fois le taux de l'int\u00e9r\u00eat l\u00e9gal.\nLe taux de l'int\u00e9r\u00eat l\u00e9gal retenu est celui en vigueur au jour de la livraison des marchandises.\n\nA compter du 1er janvier 2015, le taux d'int\u00e9r\u00eat l\u00e9gal sera r\u00e9vis\u00e9 tous les 6 mois (Ordonnance n\u00b02014-947 du 20 ao\u00fbt 2014).\n\nCette p\u00e9nalit\u00e9 est calcul\u00e9e sur le montant TTC de la somme restant due, et court \u00e0 compter de la date d'\u00e9ch\u00e9ance du prix sans qu'aucune mise en demeure pr\u00e9alable ne soit n\u00e9cessaire.\nEn sus des indemnit\u00e9s de retard, toute somme, y compris l\u2019acompte, non pay\u00e9e \u00e0 sa date d\u2019exigibilit\u00e9 produira de plein droit le paiement d\u2019une indemnit\u00e9 forfaitaire de 40 euros due au titre des frais de recouvrement.\nArticles 441-6, I alin\u00e9a 12 et D. 441-5 du code de commerce.\nClause n\u00b0 8 : Clause de r\u00e9serve de propri\u00e9t\u00e9\nLa soci\u00e9t\u00e9 ... (d\u00e9nomination sociale) conserve la propri\u00e9t\u00e9 des biens vendus jusqu'au paiement int\u00e9gral du prix, en principal et en accessoires. \u00c0 ce titre, si l'acheteur fait l'objet d'un redressement ou d'une liquidation judiciaire, la soci\u00e9t\u00e9 ... (d\u00e9nomination sociale) se r\u00e9serve le droit de revendiquer, dans le cadre de la proc\u00e9dure collective, les marchandises vendues et rest\u00e9es impay\u00e9es.\nClause n\u00b0 10 : Force majeure\nLa responsabilit\u00e9 de la soci\u00e9t\u00e9 ... (d\u00e9nomination sociale) ne pourra pas \u00eatre mise en oeuvre si la non-ex\u00e9cution ou le retard dans l'ex\u00e9cution de l'une de ses obligations d\u00e9crites dans les pr\u00e9sentes conditions g\u00e9n\u00e9rales de vente d\u00e9coule d'un cas de force majeure. \u00c0 ce titre, la force majeure s'entend de tout \u00e9v\u00e9nement ext\u00e9rieur, impr\u00e9visible et irr\u00e9sistible au sens de l'article 1148 du Code civil.\nClause n\u00b0 11 : Tribunal comp\u00e9tent\nTout litige relatif \u00e0 l'interpr\u00e9tation et \u00e0 l'ex\u00e9cution des pr\u00e9sentes conditions g\u00e9n\u00e9rales de vente est soumis au droit fran\u00e7ais.\n\u00c0 d\u00e9faut de r\u00e9solution amiable, le litige sera port\u00e9 devant le Tribunal de commerce ... (lieu du si\u00e8ge social).\n \nFait \u00e0 ... (ville), le ... (date)\n... (signature du client)\n... (signature du repr\u00e9sentant l\u00e9gal la soci\u00e9t\u00e9)<\/div><\/h4>\t\t\t\t<\/div>\n\t\t\t\t<\/div>\n\t\t\t\t\t<\/div>\n\t\t<\/div>\n\t\t\t\t\t<\/div>\n\t\t<\/section>\n\t\t\t\t<\/div>\n\t\t","protected":false},"excerpt":{"rendered":"<p>LEGAL NOTICES KAZ OREA &#8211; Trade name for the tourist accommodation activity of the company SARL LE BREAK SIRET : 849 531 116 00010 Physical address : 408 RUE GEORGES POMPIDOU 97436 ST LEU Phone number : 06 92 39 74 01 E-mail address: contact@kazorea.com Last update date: 24\/04\/2021 GENERAL TERMS AND CONDITIONS OF SALE [&hellip;]<\/p>\n","protected":false},"author":2,"featured_media":0,"parent":0,"menu_order":0,"comment_status":"closed","ping_status":"closed","template":"","meta":{"footnotes":""},"class_list":["post-5195","page","type-page","status-publish","hentry"],"yoast_head":"<!-- This site is optimized with the Yoast SEO plugin v27.5 - https:\/\/yoast.com\/product\/yoast-seo-wordpress\/ -->\n<title>Legal Notice - Terms and Conditions - R\u00e9sidence touristique KAZ OR\u00c8A<\/title>\n<meta name=\"robots\" content=\"index, follow, max-snippet:-1, max-image-preview:large, max-video-preview:-1\" \/>\n<link rel=\"canonical\" href=\"https:\/\/kazorea.com\/legal-notice-terms-and-conditions\/\" \/>\n<meta property=\"og:locale\" content=\"en_US\" \/>\n<meta property=\"og:type\" content=\"article\" \/>\n<meta property=\"og:title\" content=\"Legal Notice - Terms and Conditions - R\u00e9sidence touristique KAZ OR\u00c8A\" \/>\n<meta property=\"og:description\" content=\"LEGAL NOTICES KAZ OREA &#8211; Trade name for the tourist accommodation activity of the company SARL LE BREAK SIRET : 849 531 116 00010 Physical address : 408 RUE GEORGES POMPIDOU 97436 ST LEU Phone number : 06 92 39 74 01 E-mail address: contact@kazorea.com Last update date: 24\/04\/2021 GENERAL TERMS AND CONDITIONS OF SALE [&hellip;]\" \/>\n<meta property=\"og:url\" content=\"https:\/\/kazorea.com\/legal-notice-terms-and-conditions\/\" \/>\n<meta property=\"og:site_name\" content=\"R\u00e9sidence touristique KAZ OR\u00c8A\" \/>\n<meta name=\"twitter:card\" content=\"summary_large_image\" \/>\n<meta name=\"twitter:label1\" content=\"Est. reading time\" \/>\n\t<meta name=\"twitter:data1\" content=\"3 minutes\" \/>\n<script type=\"application\/ld+json\" class=\"yoast-schema-graph\">{\"@context\":\"https:\\\/\\\/schema.org\",\"@graph\":[{\"@type\":\"WebPage\",\"@id\":\"https:\\\/\\\/kazorea.com\\\/legal-notice-terms-and-conditions\\\/\",\"url\":\"https:\\\/\\\/kazorea.com\\\/legal-notice-terms-and-conditions\\\/\",\"name\":\"Legal Notice - Terms and Conditions - R\u00e9sidence touristique KAZ OR\u00c8A\",\"isPartOf\":{\"@id\":\"https:\\\/\\\/kazorea.com\\\/#website\"},\"datePublished\":\"2021-04-23T13:30:50+00:00\",\"breadcrumb\":{\"@id\":\"https:\\\/\\\/kazorea.com\\\/legal-notice-terms-and-conditions\\\/#breadcrumb\"},\"inLanguage\":\"en-US\",\"potentialAction\":[{\"@type\":\"ReadAction\",\"target\":[\"https:\\\/\\\/kazorea.com\\\/legal-notice-terms-and-conditions\\\/\"]}]},{\"@type\":\"BreadcrumbList\",\"@id\":\"https:\\\/\\\/kazorea.com\\\/legal-notice-terms-and-conditions\\\/#breadcrumb\",\"itemListElement\":[{\"@type\":\"ListItem\",\"position\":1,\"name\":\"Accueil\",\"item\":\"https:\\\/\\\/kazorea.com\\\/\"},{\"@type\":\"ListItem\",\"position\":2,\"name\":\"Legal Notice &#8211; Terms and Conditions\"}]},{\"@type\":\"WebSite\",\"@id\":\"https:\\\/\\\/kazorea.com\\\/#website\",\"url\":\"https:\\\/\\\/kazorea.com\\\/\",\"name\":\"R\u00e9sidence touristique KAZ OR\u00c8A\",\"description\":\"Locations de vacances \u00e0 Saint-Leu \u00eele de la R\u00e9union. H\u00e9bergement, d\u00e9tente et massages\",\"potentialAction\":[{\"@type\":\"SearchAction\",\"target\":{\"@type\":\"EntryPoint\",\"urlTemplate\":\"https:\\\/\\\/kazorea.com\\\/?s={search_term_string}\"},\"query-input\":{\"@type\":\"PropertyValueSpecification\",\"valueRequired\":true,\"valueName\":\"search_term_string\"}}],\"inLanguage\":\"en-US\"}]}<\/script>\n<!-- \/ Yoast SEO plugin. -->","yoast_head_json":{"title":"Legal Notice - Terms and Conditions - R\u00e9sidence touristique KAZ OR\u00c8A","robots":{"index":"index","follow":"follow","max-snippet":"max-snippet:-1","max-image-preview":"max-image-preview:large","max-video-preview":"max-video-preview:-1"},"canonical":"https:\/\/kazorea.com\/legal-notice-terms-and-conditions\/","og_locale":"en_US","og_type":"article","og_title":"Legal Notice - Terms and Conditions - R\u00e9sidence touristique KAZ OR\u00c8A","og_description":"LEGAL NOTICES KAZ OREA &#8211; Trade name for the tourist accommodation activity of the company SARL LE BREAK SIRET : 849 531 116 00010 Physical address : 408 RUE GEORGES POMPIDOU 97436 ST LEU Phone number : 06 92 39 74 01 E-mail address: contact@kazorea.com Last update date: 24\/04\/2021 GENERAL TERMS AND CONDITIONS OF SALE [&hellip;]","og_url":"https:\/\/kazorea.com\/legal-notice-terms-and-conditions\/","og_site_name":"R\u00e9sidence touristique KAZ OR\u00c8A","twitter_card":"summary_large_image","twitter_misc":{"Est. reading time":"3 minutes"},"schema":{"@context":"https:\/\/schema.org","@graph":[{"@type":"WebPage","@id":"https:\/\/kazorea.com\/legal-notice-terms-and-conditions\/","url":"https:\/\/kazorea.com\/legal-notice-terms-and-conditions\/","name":"Legal Notice - Terms and Conditions - R\u00e9sidence touristique KAZ OR\u00c8A","isPartOf":{"@id":"https:\/\/kazorea.com\/#website"},"datePublished":"2021-04-23T13:30:50+00:00","breadcrumb":{"@id":"https:\/\/kazorea.com\/legal-notice-terms-and-conditions\/#breadcrumb"},"inLanguage":"en-US","potentialAction":[{"@type":"ReadAction","target":["https:\/\/kazorea.com\/legal-notice-terms-and-conditions\/"]}]},{"@type":"BreadcrumbList","@id":"https:\/\/kazorea.com\/legal-notice-terms-and-conditions\/#breadcrumb","itemListElement":[{"@type":"ListItem","position":1,"name":"Accueil","item":"https:\/\/kazorea.com\/"},{"@type":"ListItem","position":2,"name":"Legal Notice &#8211; Terms and Conditions"}]},{"@type":"WebSite","@id":"https:\/\/kazorea.com\/#website","url":"https:\/\/kazorea.com\/","name":"R\u00e9sidence touristique KAZ OR\u00c8A","description":"Locations de vacances \u00e0 Saint-Leu \u00eele de la R\u00e9union. H\u00e9bergement, d\u00e9tente et massages","potentialAction":[{"@type":"SearchAction","target":{"@type":"EntryPoint","urlTemplate":"https:\/\/kazorea.com\/?s={search_term_string}"},"query-input":{"@type":"PropertyValueSpecification","valueRequired":true,"valueName":"search_term_string"}}],"inLanguage":"en-US"}]}},"_links":{"self":[{"href":"https:\/\/kazorea.com\/en\/wp-json\/wp\/v2\/pages\/5195","targetHints":{"allow":["GET"]}}],"collection":[{"href":"https:\/\/kazorea.com\/en\/wp-json\/wp\/v2\/pages"}],"about":[{"href":"https:\/\/kazorea.com\/en\/wp-json\/wp\/v2\/types\/page"}],"author":[{"embeddable":true,"href":"https:\/\/kazorea.com\/en\/wp-json\/wp\/v2\/users\/2"}],"replies":[{"embeddable":true,"href":"https:\/\/kazorea.com\/en\/wp-json\/wp\/v2\/comments?post=5195"}],"version-history":[{"count":0,"href":"https:\/\/kazorea.com\/en\/wp-json\/wp\/v2\/pages\/5195\/revisions"}],"wp:attachment":[{"href":"https:\/\/kazorea.com\/en\/wp-json\/wp\/v2\/media?parent=5195"}],"curies":[{"name":"wp","href":"https:\/\/api.w.org\/{rel}","templated":true}]}}